{"id":5302,"date":"2022-09-01T23:44:14","date_gmt":"2022-09-01T20:44:14","guid":{"rendered":"https:\/\/niyarahome.com\/?post_type=product&#038;p=5302"},"modified":"2022-09-01T23:45:33","modified_gmt":"2022-09-01T20:45:33","slug":"ayakli-porselen-sunumluk-beyaz-mine-cicekli","status":"publish","type":"product","link":"https:\/\/niyarahome.com\/tr\/urun\/ayakli-porselen-sunumluk-beyaz-mine-cicekli\/","title":{"rendered":"AYAKLI PORSELEN SUNUMLUK BEYAZ M\u0130NE \u00c7\u0130\u00c7EKL\u0130"},"content":{"rendered":"","protected":false},"excerpt":{"rendered":"<p>BOYUT SE\u00c7\u0130N<\/p>\n<p>METAL AYAKLI, BEYAZ M\u0130NE METAL \u00c7\u0130\u00c7EKL\u0130<\/p>\n<p>YALDIZLI PORSELEN DEKORAT\u0130F SUNUMLUK<\/p>\n<h6><em>DE-5237M-DE-5238M-DE-5239M<\/em><\/h6>\n","protected":false},"featured_media":5303,"template":"","meta":[],"product_cat":[16,487,259,243],"product_tag":[],"class_list":{"0":"post-5302","1":"product","2":"type-product","3":"status-publish","4":"has-post-thumbnail","6":"product_cat-diger","7":"product_cat-ozel-koleksiyon","8":"product_cat-sofra-sunumluklari","9":"product_cat-sunumluklar","11":"first","12":"instock","13":"shipping-taxable","14":"purchasable","15":"product-type-variable"},"_links":{"self":[{"href":"https:\/\/niyarahome.com\/tr\/wp-json\/wp\/v2\/product\/5302","targetHints":{"allow":["GET"]}}],"collection":[{"href":"https:\/\/niyarahome.com\/tr\/wp-json\/wp\/v2\/product"}],"about":[{"href":"https:\/\/niyarahome.com\/tr\/wp-json\/wp\/v2\/types\/product"}],"wp:featuredmedia":[{"embeddable":true,"href":"https:\/\/niyarahome.com\/tr\/wp-json\/wp\/v2\/media\/5303"}],"wp:attachment":[{"href":"https:\/\/niyarahome.com\/tr\/wp-json\/wp\/v2\/media?parent=5302"}],"wp:term":[{"taxonomy":"product_cat","embeddable":true,"href":"https:\/\/niyarahome.com\/tr\/wp-json\/wp\/v2\/product_cat?post=5302"},{"taxonomy":"product_tag","embeddable":true,"href":"https:\/\/niyarahome.com\/tr\/wp-json\/wp\/v2\/product_tag?post=5302"}],"curies":[{"name":"wp","href":"https:\/\/api.w.org\/{rel}","templated":true}]}}