{"id":5191,"date":"2022-08-28T16:13:59","date_gmt":"2022-08-28T13:13:59","guid":{"rendered":"https:\/\/niyarahome.com\/?post_type=product&#038;p=5191"},"modified":"2022-08-28T16:13:59","modified_gmt":"2022-08-28T13:13:59","slug":"dokum-ayakli-desenli-krem-kare-servis-tabagi","status":"publish","type":"product","link":"https:\/\/niyarahome.com\/tr\/urun\/dokum-ayakli-desenli-krem-kare-servis-tabagi\/","title":{"rendered":"D\u00d6K\u00dcM AYAKLI DESENL\u0130 KREM KARE SERV\u0130S TABA\u011eI"},"content":{"rendered":"","protected":false},"excerpt":{"rendered":"<p>BOYUT SE\u00c7\u0130N<\/p>\n<p>\u00dcCRETS\u0130Z KARGO<\/p>\n<p>\u0130K\u0130 FARKLI BOY, YALDIZLI DESENL\u0130 KREM KARE SERV\u0130S VE SUNUMLUK TABA\u011eI<\/p>\n<h6><em>DE 2026K-DE 2027K<\/em><\/h6>\n","protected":false},"featured_media":5194,"template":"","meta":[],"product_cat":[16,487,304,259,243],"product_tag":[],"class_list":{"0":"post-5191","1":"product","2":"type-product","3":"status-publish","4":"has-post-thumbnail","6":"product_cat-diger","7":"product_cat-ozel-koleksiyon","8":"product_cat-salon-setleri","9":"product_cat-sofra-sunumluklari","10":"product_cat-sunumluklar","12":"first","13":"instock","14":"shipping-taxable","15":"purchasable","16":"product-type-variable"},"_links":{"self":[{"href":"https:\/\/niyarahome.com\/tr\/wp-json\/wp\/v2\/product\/5191","targetHints":{"allow":["GET"]}}],"collection":[{"href":"https:\/\/niyarahome.com\/tr\/wp-json\/wp\/v2\/product"}],"about":[{"href":"https:\/\/niyarahome.com\/tr\/wp-json\/wp\/v2\/types\/product"}],"wp:featuredmedia":[{"embeddable":true,"href":"https:\/\/niyarahome.com\/tr\/wp-json\/wp\/v2\/media\/5194"}],"wp:attachment":[{"href":"https:\/\/niyarahome.com\/tr\/wp-json\/wp\/v2\/media?parent=5191"}],"wp:term":[{"taxonomy":"product_cat","embeddable":true,"href":"https:\/\/niyarahome.com\/tr\/wp-json\/wp\/v2\/product_cat?post=5191"},{"taxonomy":"product_tag","embeddable":true,"href":"https:\/\/niyarahome.com\/tr\/wp-json\/wp\/v2\/product_tag?post=5191"}],"curies":[{"name":"wp","href":"https:\/\/api.w.org\/{rel}","templated":true}]}}