{"id":5139,"date":"2022-08-28T14:08:14","date_gmt":"2022-08-28T11:08:14","guid":{"rendered":"https:\/\/niyarahome.com\/?post_type=product&#038;p=5139"},"modified":"2022-08-28T14:08:14","modified_gmt":"2022-08-28T11:08:14","slug":"metal-kulplu-desenli-cam-tepsi","status":"publish","type":"product","link":"https:\/\/niyarahome.com\/tr\/urun\/metal-kulplu-desenli-cam-tepsi\/","title":{"rendered":"METAL KULPLU DESENL\u0130 CAM TEPS\u0130"},"content":{"rendered":"","protected":false},"excerpt":{"rendered":"<p>\u00dcCRETS\u0130Z KARGO<\/p>\n<p>\u015eIK VE DEKORAT\u0130F<\/p>\n<p>&nbsp;<\/p>\n","protected":false},"featured_media":5140,"template":"","meta":[],"product_cat":[16,259,243,250],"product_tag":[],"class_list":{"0":"post-5139","1":"product","2":"type-product","3":"status-publish","4":"has-post-thumbnail","6":"product_cat-diger","7":"product_cat-sofra-sunumluklari","8":"product_cat-sunumluklar","9":"product_cat-tepsi","11":"first","12":"instock","13":"shipping-taxable","14":"purchasable","15":"product-type-simple"},"_links":{"self":[{"href":"https:\/\/niyarahome.com\/tr\/wp-json\/wp\/v2\/product\/5139","targetHints":{"allow":["GET"]}}],"collection":[{"href":"https:\/\/niyarahome.com\/tr\/wp-json\/wp\/v2\/product"}],"about":[{"href":"https:\/\/niyarahome.com\/tr\/wp-json\/wp\/v2\/types\/product"}],"wp:featuredmedia":[{"embeddable":true,"href":"https:\/\/niyarahome.com\/tr\/wp-json\/wp\/v2\/media\/5140"}],"wp:attachment":[{"href":"https:\/\/niyarahome.com\/tr\/wp-json\/wp\/v2\/media?parent=5139"}],"wp:term":[{"taxonomy":"product_cat","embeddable":true,"href":"https:\/\/niyarahome.com\/tr\/wp-json\/wp\/v2\/product_cat?post=5139"},{"taxonomy":"product_tag","embeddable":true,"href":"https:\/\/niyarahome.com\/tr\/wp-json\/wp\/v2\/product_tag?post=5139"}],"curies":[{"name":"wp","href":"https:\/\/api.w.org\/{rel}","templated":true}]}}