{"id":5134,"date":"2022-08-28T14:02:07","date_gmt":"2022-08-28T11:02:07","guid":{"rendered":"https:\/\/niyarahome.com\/?post_type=product&#038;p=5134"},"modified":"2022-08-28T14:08:57","modified_gmt":"2022-08-28T11:08:57","slug":"dokum-ayakli-desenli-yaldizli-sunum-tabagi","status":"publish","type":"product","link":"https:\/\/niyarahome.com\/tr\/urun\/dokum-ayakli-desenli-yaldizli-sunum-tabagi\/","title":{"rendered":"D\u00d6K\u00dcM AYAKLI DESENL\u0130 YALDIZLI SUNUM TABA\u011eI"},"content":{"rendered":"","protected":false},"excerpt":{"rendered":"<p>\u00dcCRETS\u0130Z KARGO<\/p>\n<p>SOFRALARINZA \u015eIKLIK KATACAK SUNUM TABA\u011eI<\/p>\n<h6><em>DE 2020S<\/em><\/h6>\n","protected":false},"featured_media":5135,"template":"","meta":[],"product_cat":[16,487,259,243],"product_tag":[],"class_list":{"0":"post-5134","1":"product","2":"type-product","3":"status-publish","4":"has-post-thumbnail","6":"product_cat-diger","7":"product_cat-ozel-koleksiyon","8":"product_cat-sofra-sunumluklari","9":"product_cat-sunumluklar","11":"first","12":"instock","13":"shipping-taxable","14":"purchasable","15":"product-type-simple"},"_links":{"self":[{"href":"https:\/\/niyarahome.com\/tr\/wp-json\/wp\/v2\/product\/5134","targetHints":{"allow":["GET"]}}],"collection":[{"href":"https:\/\/niyarahome.com\/tr\/wp-json\/wp\/v2\/product"}],"about":[{"href":"https:\/\/niyarahome.com\/tr\/wp-json\/wp\/v2\/types\/product"}],"wp:featuredmedia":[{"embeddable":true,"href":"https:\/\/niyarahome.com\/tr\/wp-json\/wp\/v2\/media\/5135"}],"wp:attachment":[{"href":"https:\/\/niyarahome.com\/tr\/wp-json\/wp\/v2\/media?parent=5134"}],"wp:term":[{"taxonomy":"product_cat","embeddable":true,"href":"https:\/\/niyarahome.com\/tr\/wp-json\/wp\/v2\/product_cat?post=5134"},{"taxonomy":"product_tag","embeddable":true,"href":"https:\/\/niyarahome.com\/tr\/wp-json\/wp\/v2\/product_tag?post=5134"}],"curies":[{"name":"wp","href":"https:\/\/api.w.org\/{rel}","templated":true}]}}