{"id":4836,"date":"2022-07-13T19:05:38","date_gmt":"2022-07-13T16:05:38","guid":{"rendered":"https:\/\/niyarahome.com\/?post_type=product&#038;p=4836"},"modified":"2022-07-13T19:29:50","modified_gmt":"2022-07-13T16:29:50","slug":"dikdortgen-borcam","status":"publish","type":"product","link":"https:\/\/niyarahome.com\/tr\/urun\/dikdortgen-borcam\/","title":{"rendered":"D\u0130KD\u00d6RTGEN BORCAM 38X28CM"},"content":{"rendered":"","protected":false},"excerpt":{"rendered":"<p>RENK SE\u00c7\u0130N<\/p>\n<p>\u00dcCRETS\u0130Z KARGO<\/p>\n<p>DEKORAT\u0130F BORCAM 38X25CM<\/p>\n<h6><em>DH 5203A-DH 5203G<\/em><\/h6>\n","protected":false},"featured_media":4837,"template":"","meta":[],"product_cat":[16,258,487,270,259,243],"product_tag":[],"class_list":{"0":"post-4836","1":"product","2":"type-product","3":"status-publish","4":"has-post-thumbnail","6":"product_cat-diger","7":"product_cat-borcam-sunumluk","8":"product_cat-ozel-koleksiyon","9":"product_cat-sofra","10":"product_cat-sofra-sunumluklari","11":"product_cat-sunumluklar","13":"first","14":"instock","15":"shipping-taxable","16":"purchasable","17":"product-type-variable"},"_links":{"self":[{"href":"https:\/\/niyarahome.com\/tr\/wp-json\/wp\/v2\/product\/4836","targetHints":{"allow":["GET"]}}],"collection":[{"href":"https:\/\/niyarahome.com\/tr\/wp-json\/wp\/v2\/product"}],"about":[{"href":"https:\/\/niyarahome.com\/tr\/wp-json\/wp\/v2\/types\/product"}],"wp:featuredmedia":[{"embeddable":true,"href":"https:\/\/niyarahome.com\/tr\/wp-json\/wp\/v2\/media\/4837"}],"wp:attachment":[{"href":"https:\/\/niyarahome.com\/tr\/wp-json\/wp\/v2\/media?parent=4836"}],"wp:term":[{"taxonomy":"product_cat","embeddable":true,"href":"https:\/\/niyarahome.com\/tr\/wp-json\/wp\/v2\/product_cat?post=4836"},{"taxonomy":"product_tag","embeddable":true,"href":"https:\/\/niyarahome.com\/tr\/wp-json\/wp\/v2\/product_tag?post=4836"}],"curies":[{"name":"wp","href":"https:\/\/api.w.org\/{rel}","templated":true}]}}