{"id":4804,"date":"2022-07-13T18:05:56","date_gmt":"2022-07-13T15:05:56","guid":{"rendered":"https:\/\/niyarahome.com\/?post_type=product&#038;p=4804"},"modified":"2022-07-13T18:05:56","modified_gmt":"2022-07-13T15:05:56","slug":"dikdortgen-gumus-servis-sunumluk","status":"publish","type":"product","link":"https:\/\/niyarahome.com\/tr\/urun\/dikdortgen-gumus-servis-sunumluk\/","title":{"rendered":"D\u0130KD\u00d6RTGEN G\u00dcM\u00dc\u015e SERV\u0130S SUNUMLUK"},"content":{"rendered":"","protected":false},"excerpt":{"rendered":"<p>BOYUT SE\u00c7\u0130N<\/p>\n<p>\u00dcCRETS\u0130Z KARGO<\/p>\n<p>DEKORAT\u0130F PORSELEN SUNUMLUK, SOFRALARINIZA ZENG\u0130NL\u0130K KATACAK<\/p>\n<p>METAL G\u00d6VDE VE METAL \u00c7\u0130\u00c7EK AYAKLI<\/p>\n<h6><em>DH 5186G-DH 5187G<\/em><\/h6>\n","protected":false},"featured_media":4805,"template":"","meta":[],"product_cat":[16,487,270,259,243],"product_tag":[],"class_list":{"0":"post-4804","1":"product","2":"type-product","3":"status-publish","4":"has-post-thumbnail","6":"product_cat-diger","7":"product_cat-ozel-koleksiyon","8":"product_cat-sofra","9":"product_cat-sofra-sunumluklari","10":"product_cat-sunumluklar","12":"first","13":"instock","14":"shipping-taxable","15":"purchasable","16":"product-type-variable"},"_links":{"self":[{"href":"https:\/\/niyarahome.com\/tr\/wp-json\/wp\/v2\/product\/4804","targetHints":{"allow":["GET"]}}],"collection":[{"href":"https:\/\/niyarahome.com\/tr\/wp-json\/wp\/v2\/product"}],"about":[{"href":"https:\/\/niyarahome.com\/tr\/wp-json\/wp\/v2\/types\/product"}],"wp:featuredmedia":[{"embeddable":true,"href":"https:\/\/niyarahome.com\/tr\/wp-json\/wp\/v2\/media\/4805"}],"wp:attachment":[{"href":"https:\/\/niyarahome.com\/tr\/wp-json\/wp\/v2\/media?parent=4804"}],"wp:term":[{"taxonomy":"product_cat","embeddable":true,"href":"https:\/\/niyarahome.com\/tr\/wp-json\/wp\/v2\/product_cat?post=4804"},{"taxonomy":"product_tag","embeddable":true,"href":"https:\/\/niyarahome.com\/tr\/wp-json\/wp\/v2\/product_tag?post=4804"}],"curies":[{"name":"wp","href":"https:\/\/api.w.org\/{rel}","templated":true}]}}