{"id":4705,"date":"2022-07-11T17:22:42","date_gmt":"2022-07-11T14:22:42","guid":{"rendered":"https:\/\/niyarahome.com\/?post_type=product&#038;p=4705"},"modified":"2022-07-15T11:38:04","modified_gmt":"2022-07-15T08:38:04","slug":"3lu-kavanoz-set-telli","status":"publish","type":"product","link":"https:\/\/niyarahome.com\/tr\/urun\/3lu-kavanoz-set-telli\/","title":{"rendered":"3&#8217;L\u00dc KAVANOZ SET TELL\u0130"},"content":{"rendered":"","protected":false},"excerpt":{"rendered":"<p>RENK SE\u00c7\u0130N<\/p>\n<p><strong>\u00dcCRETS\u0130Z KARGO<\/strong><\/p>\n<p>\u00d6ZEL CAM, METAL KAPAK VE METAL AYAK<\/p>\n<h6><em>DH 5258A-DH 5258G<\/em><\/h6>\n","protected":false},"featured_media":4712,"template":"","meta":[],"product_cat":[16,263,260],"product_tag":[],"class_list":{"0":"post-4705","1":"product","2":"type-product","3":"status-publish","4":"has-post-thumbnail","6":"product_cat-diger","7":"product_cat-baharatlik","8":"product_cat-mutfak","10":"first","11":"instock","12":"featured","13":"shipping-taxable","14":"purchasable","15":"product-type-variable"},"_links":{"self":[{"href":"https:\/\/niyarahome.com\/tr\/wp-json\/wp\/v2\/product\/4705","targetHints":{"allow":["GET"]}}],"collection":[{"href":"https:\/\/niyarahome.com\/tr\/wp-json\/wp\/v2\/product"}],"about":[{"href":"https:\/\/niyarahome.com\/tr\/wp-json\/wp\/v2\/types\/product"}],"wp:featuredmedia":[{"embeddable":true,"href":"https:\/\/niyarahome.com\/tr\/wp-json\/wp\/v2\/media\/4712"}],"wp:attachment":[{"href":"https:\/\/niyarahome.com\/tr\/wp-json\/wp\/v2\/media?parent=4705"}],"wp:term":[{"taxonomy":"product_cat","embeddable":true,"href":"https:\/\/niyarahome.com\/tr\/wp-json\/wp\/v2\/product_cat?post=4705"},{"taxonomy":"product_tag","embeddable":true,"href":"https:\/\/niyarahome.com\/tr\/wp-json\/wp\/v2\/product_tag?post=4705"}],"curies":[{"name":"wp","href":"https:\/\/api.w.org\/{rel}","templated":true}]}}