{"id":4649,"date":"2022-07-05T22:59:19","date_gmt":"2022-07-05T19:59:19","guid":{"rendered":"https:\/\/niyarahome.com\/?post_type=product&#038;p=4649"},"modified":"2022-07-10T19:00:01","modified_gmt":"2022-07-10T16:00:01","slug":"dekor-camli-gumus-sekerlik","status":"publish","type":"product","link":"https:\/\/niyarahome.com\/tr\/urun\/dekor-camli-gumus-sekerlik\/","title":{"rendered":"DEKOR CAMLI G\u00dcM\u00dc\u015e \u015eEKERL\u0130K"},"content":{"rendered":"","protected":false},"excerpt":{"rendered":"<p>RENK SE\u00c7\u0130N<\/p>\n<p style=\"text-align: left\"><strong>\u00dcCRETS\u0130Z KARGO<\/strong><\/p>\n<p>\u00d6ZEL DEKORLU CAM, G\u00dcM\u00dc\u015e RENK METAL KAPAK VE G\u00dcM\u00dc\u015e \u00c7\u0130\u00c7EK<\/p>\n<h6><em>DE 1125AG-DE 1125MG-DE 1125MG-DE 1125BG-DE 1125SG<\/em><\/h6>\n","protected":false},"featured_media":4655,"template":"","meta":[],"product_cat":[16,487,278,270,259,243],"product_tag":[],"class_list":{"0":"post-4649","1":"product","2":"type-product","3":"status-publish","4":"has-post-thumbnail","6":"product_cat-diger","7":"product_cat-ozel-koleksiyon","8":"product_cat-sekerlik","9":"product_cat-sofra","10":"product_cat-sofra-sunumluklari","11":"product_cat-sunumluklar","13":"first","14":"instock","15":"shipping-taxable","16":"purchasable","17":"product-type-variable"},"_links":{"self":[{"href":"https:\/\/niyarahome.com\/tr\/wp-json\/wp\/v2\/product\/4649","targetHints":{"allow":["GET"]}}],"collection":[{"href":"https:\/\/niyarahome.com\/tr\/wp-json\/wp\/v2\/product"}],"about":[{"href":"https:\/\/niyarahome.com\/tr\/wp-json\/wp\/v2\/types\/product"}],"wp:featuredmedia":[{"embeddable":true,"href":"https:\/\/niyarahome.com\/tr\/wp-json\/wp\/v2\/media\/4655"}],"wp:attachment":[{"href":"https:\/\/niyarahome.com\/tr\/wp-json\/wp\/v2\/media?parent=4649"}],"wp:term":[{"taxonomy":"product_cat","embeddable":true,"href":"https:\/\/niyarahome.com\/tr\/wp-json\/wp\/v2\/product_cat?post=4649"},{"taxonomy":"product_tag","embeddable":true,"href":"https:\/\/niyarahome.com\/tr\/wp-json\/wp\/v2\/product_tag?post=4649"}],"curies":[{"name":"wp","href":"https:\/\/api.w.org\/{rel}","templated":true}]}}