{"id":4531,"date":"2022-07-03T21:12:26","date_gmt":"2022-07-03T18:12:26","guid":{"rendered":"https:\/\/niyarahome.com\/?post_type=product&#038;p=4531"},"modified":"2022-07-03T21:12:27","modified_gmt":"2022-07-03T18:12:27","slug":"dikdortgen-borcam-siyah-renk-gumus-metal-cicek","status":"publish","type":"product","link":"https:\/\/niyarahome.com\/tr\/urun\/dikdortgen-borcam-siyah-renk-gumus-metal-cicek\/","title":{"rendered":"D\u0130KD\u00d6RTGEN BORCAM S\u0130YAH RENK G\u00dcM\u00dc\u015e METAL \u00c7\u0130\u00c7EK"},"content":{"rendered":"","protected":false},"excerpt":{"rendered":"<p>BOYUT SE\u00c7\u0130N<\/p>\n<p>DEKORAT\u0130F BORCAM METAL &amp; CAM<\/p>\n<p>G\u00dcM\u00dc\u015e METAL \u00c7\u0130\u00c7EKL\u0130<\/p>\n<h6><em>DH 5242G-DH 5243G<\/em><\/h6>\n","protected":false},"featured_media":4534,"template":"","meta":[],"product_cat":[16,258,487,270,259,243],"product_tag":[],"class_list":{"0":"post-4531","1":"product","2":"type-product","3":"status-publish","4":"has-post-thumbnail","6":"product_cat-diger","7":"product_cat-borcam-sunumluk","8":"product_cat-ozel-koleksiyon","9":"product_cat-sofra","10":"product_cat-sofra-sunumluklari","11":"product_cat-sunumluklar","13":"first","14":"instock","15":"shipping-taxable","16":"purchasable","17":"product-type-variable"},"_links":{"self":[{"href":"https:\/\/niyarahome.com\/tr\/wp-json\/wp\/v2\/product\/4531","targetHints":{"allow":["GET"]}}],"collection":[{"href":"https:\/\/niyarahome.com\/tr\/wp-json\/wp\/v2\/product"}],"about":[{"href":"https:\/\/niyarahome.com\/tr\/wp-json\/wp\/v2\/types\/product"}],"wp:featuredmedia":[{"embeddable":true,"href":"https:\/\/niyarahome.com\/tr\/wp-json\/wp\/v2\/media\/4534"}],"wp:attachment":[{"href":"https:\/\/niyarahome.com\/tr\/wp-json\/wp\/v2\/media?parent=4531"}],"wp:term":[{"taxonomy":"product_cat","embeddable":true,"href":"https:\/\/niyarahome.com\/tr\/wp-json\/wp\/v2\/product_cat?post=4531"},{"taxonomy":"product_tag","embeddable":true,"href":"https:\/\/niyarahome.com\/tr\/wp-json\/wp\/v2\/product_tag?post=4531"}],"curies":[{"name":"wp","href":"https:\/\/api.w.org\/{rel}","templated":true}]}}