{"id":4243,"date":"2022-07-01T23:24:19","date_gmt":"2022-07-01T20:24:19","guid":{"rendered":"https:\/\/niyarahome.com\/?post_type=product&#038;p=4243"},"modified":"2022-07-01T23:24:19","modified_gmt":"2022-07-01T20:24:19","slug":"dokum-altin-renk-ayakli-porselen-sunumluk","status":"publish","type":"product","link":"https:\/\/niyarahome.com\/tr\/urun\/dokum-altin-renk-ayakli-porselen-sunumluk\/","title":{"rendered":"D\u00d6K\u00dcM ALTIN RENK AYAKLI PORSELEN SUNUMLUK"},"content":{"rendered":"","protected":false},"excerpt":{"rendered":"<p>BOYUT SE\u00c7\u0130N<\/p>\n<p>ALTIN RENK D\u00d6K\u00dcM AYAKLI PORSELEN SUNUMLUK<\/p>\n<p>SADE VE \u015eIK<\/p>\n<h6><em>DE 5232A-DE 5233A-DE 5234A<\/em><\/h6>\n","protected":false},"featured_media":4251,"template":"","meta":[],"product_cat":[16,487,259,243],"product_tag":[],"class_list":{"0":"post-4243","1":"product","2":"type-product","3":"status-publish","4":"has-post-thumbnail","6":"product_cat-diger","7":"product_cat-ozel-koleksiyon","8":"product_cat-sofra-sunumluklari","9":"product_cat-sunumluklar","11":"first","12":"instock","13":"shipping-taxable","14":"purchasable","15":"product-type-variable"},"_links":{"self":[{"href":"https:\/\/niyarahome.com\/tr\/wp-json\/wp\/v2\/product\/4243","targetHints":{"allow":["GET"]}}],"collection":[{"href":"https:\/\/niyarahome.com\/tr\/wp-json\/wp\/v2\/product"}],"about":[{"href":"https:\/\/niyarahome.com\/tr\/wp-json\/wp\/v2\/types\/product"}],"wp:featuredmedia":[{"embeddable":true,"href":"https:\/\/niyarahome.com\/tr\/wp-json\/wp\/v2\/media\/4251"}],"wp:attachment":[{"href":"https:\/\/niyarahome.com\/tr\/wp-json\/wp\/v2\/media?parent=4243"}],"wp:term":[{"taxonomy":"product_cat","embeddable":true,"href":"https:\/\/niyarahome.com\/tr\/wp-json\/wp\/v2\/product_cat?post=4243"},{"taxonomy":"product_tag","embeddable":true,"href":"https:\/\/niyarahome.com\/tr\/wp-json\/wp\/v2\/product_tag?post=4243"}],"curies":[{"name":"wp","href":"https:\/\/api.w.org\/{rel}","templated":true}]}}