{"id":4202,"date":"2022-07-01T22:33:46","date_gmt":"2022-07-01T19:33:46","guid":{"rendered":"https:\/\/niyarahome.com\/?post_type=product&#038;p=4202"},"modified":"2022-07-01T22:33:46","modified_gmt":"2022-07-01T19:33:46","slug":"dokum-ayakli-yaldizli-porselen-sunumluk-altin","status":"publish","type":"product","link":"https:\/\/niyarahome.com\/tr\/urun\/dokum-ayakli-yaldizli-porselen-sunumluk-altin\/","title":{"rendered":"D\u00d6K\u00dcM AYAKLI YALDIZLI PORSELEN SUNUMLUK ALTIN"},"content":{"rendered":"","protected":false},"excerpt":{"rendered":"<p>BOYUT SE\u00c7\u0130N<\/p>\n<p>D\u00d6K\u00dcM METAL AYAKLI ALTIN RENG\u0130<\/p>\n<p>\u015eIK SUNUMLUK<\/p>\n<h6><em>DE 5235A-DE 5236A<\/em><\/h6>\n","protected":false},"featured_media":4206,"template":"","meta":[],"product_cat":[16,487,259,243],"product_tag":[],"class_list":{"0":"post-4202","1":"product","2":"type-product","3":"status-publish","4":"has-post-thumbnail","6":"product_cat-diger","7":"product_cat-ozel-koleksiyon","8":"product_cat-sofra-sunumluklari","9":"product_cat-sunumluklar","11":"first","12":"instock","13":"sale","14":"shipping-taxable","15":"purchasable","16":"product-type-variable"},"_links":{"self":[{"href":"https:\/\/niyarahome.com\/tr\/wp-json\/wp\/v2\/product\/4202","targetHints":{"allow":["GET"]}}],"collection":[{"href":"https:\/\/niyarahome.com\/tr\/wp-json\/wp\/v2\/product"}],"about":[{"href":"https:\/\/niyarahome.com\/tr\/wp-json\/wp\/v2\/types\/product"}],"wp:featuredmedia":[{"embeddable":true,"href":"https:\/\/niyarahome.com\/tr\/wp-json\/wp\/v2\/media\/4206"}],"wp:attachment":[{"href":"https:\/\/niyarahome.com\/tr\/wp-json\/wp\/v2\/media?parent=4202"}],"wp:term":[{"taxonomy":"product_cat","embeddable":true,"href":"https:\/\/niyarahome.com\/tr\/wp-json\/wp\/v2\/product_cat?post=4202"},{"taxonomy":"product_tag","embeddable":true,"href":"https:\/\/niyarahome.com\/tr\/wp-json\/wp\/v2\/product_tag?post=4202"}],"curies":[{"name":"wp","href":"https:\/\/api.w.org\/{rel}","templated":true}]}}