{"id":4155,"date":"2022-06-30T00:57:15","date_gmt":"2022-06-29T21:57:15","guid":{"rendered":"https:\/\/niyarahome.com\/?post_type=product&#038;p=4155"},"modified":"2022-06-30T01:20:09","modified_gmt":"2022-06-29T22:20:09","slug":"porselen-servis-sunumluk","status":"publish","type":"product","link":"https:\/\/niyarahome.com\/tr\/urun\/porselen-servis-sunumluk\/","title":{"rendered":"PORSELEN SERV\u0130S SUNUMLUK"},"content":{"rendered":"","protected":false},"excerpt":{"rendered":"<p>BOYUT SE\u00c7\u0130N<\/p>\n<p>YALDIZLI PORSELEN METAL AYAKLI<\/p>\n<p>S\u0130YAH METAL \u00c7\u0130\u00c7EKL\u0130<\/p>\n<p>DEKORAT\u0130F SUNUMLUK<\/p>\n<h6><em>DE 5240A-DE 5241A<\/em><\/h6>\n","protected":false},"featured_media":4158,"template":"","meta":[],"product_cat":[16,487,259,243],"product_tag":[],"class_list":{"0":"post-4155","1":"product","2":"type-product","3":"status-publish","4":"has-post-thumbnail","6":"product_cat-diger","7":"product_cat-ozel-koleksiyon","8":"product_cat-sofra-sunumluklari","9":"product_cat-sunumluklar","11":"first","12":"instock","13":"featured","14":"shipping-taxable","15":"purchasable","16":"product-type-variable"},"_links":{"self":[{"href":"https:\/\/niyarahome.com\/tr\/wp-json\/wp\/v2\/product\/4155","targetHints":{"allow":["GET"]}}],"collection":[{"href":"https:\/\/niyarahome.com\/tr\/wp-json\/wp\/v2\/product"}],"about":[{"href":"https:\/\/niyarahome.com\/tr\/wp-json\/wp\/v2\/types\/product"}],"wp:featuredmedia":[{"embeddable":true,"href":"https:\/\/niyarahome.com\/tr\/wp-json\/wp\/v2\/media\/4158"}],"wp:attachment":[{"href":"https:\/\/niyarahome.com\/tr\/wp-json\/wp\/v2\/media?parent=4155"}],"wp:term":[{"taxonomy":"product_cat","embeddable":true,"href":"https:\/\/niyarahome.com\/tr\/wp-json\/wp\/v2\/product_cat?post=4155"},{"taxonomy":"product_tag","embeddable":true,"href":"https:\/\/niyarahome.com\/tr\/wp-json\/wp\/v2\/product_tag?post=4155"}],"curies":[{"name":"wp","href":"https:\/\/api.w.org\/{rel}","templated":true}]}}