{"id":4145,"date":"2022-06-30T00:39:08","date_gmt":"2022-06-29T21:39:08","guid":{"rendered":"https:\/\/niyarahome.com\/?post_type=product&#038;p=4145"},"modified":"2022-06-30T00:39:08","modified_gmt":"2022-06-29T21:39:08","slug":"18x18cm-kare-sunumluk-yaldizli-ayakli-ayaksiz","status":"publish","type":"product","link":"https:\/\/niyarahome.com\/tr\/urun\/18x18cm-kare-sunumluk-yaldizli-ayakli-ayaksiz\/","title":{"rendered":"18X18CM KARE SUNUMLUK YALDIZLI AYAKLI-AYAKSIZ"},"content":{"rendered":"","protected":false},"excerpt":{"rendered":"<p>AYAKLI-AYAKSIZ SE\u00c7\u0130M YAPIN<\/p>\n<p>18X18CM YALDIZLI G\u00dcM\u00dc\u015e RENK METAL \u00c7\u0130\u00c7EK<\/p>\n<p>SERV\u0130S TABA\u011eI<\/p>\n<h6><em>DE 2007G-DE 2007GA<\/em><\/h6>\n","protected":false},"featured_media":4137,"template":"","meta":[],"product_cat":[16,487,259,243],"product_tag":[],"class_list":{"0":"post-4145","1":"product","2":"type-product","3":"status-publish","4":"has-post-thumbnail","6":"product_cat-diger","7":"product_cat-ozel-koleksiyon","8":"product_cat-sofra-sunumluklari","9":"product_cat-sunumluklar","11":"first","12":"instock","13":"shipping-taxable","14":"purchasable","15":"product-type-variable"},"_links":{"self":[{"href":"https:\/\/niyarahome.com\/tr\/wp-json\/wp\/v2\/product\/4145","targetHints":{"allow":["GET"]}}],"collection":[{"href":"https:\/\/niyarahome.com\/tr\/wp-json\/wp\/v2\/product"}],"about":[{"href":"https:\/\/niyarahome.com\/tr\/wp-json\/wp\/v2\/types\/product"}],"wp:featuredmedia":[{"embeddable":true,"href":"https:\/\/niyarahome.com\/tr\/wp-json\/wp\/v2\/media\/4137"}],"wp:attachment":[{"href":"https:\/\/niyarahome.com\/tr\/wp-json\/wp\/v2\/media?parent=4145"}],"wp:term":[{"taxonomy":"product_cat","embeddable":true,"href":"https:\/\/niyarahome.com\/tr\/wp-json\/wp\/v2\/product_cat?post=4145"},{"taxonomy":"product_tag","embeddable":true,"href":"https:\/\/niyarahome.com\/tr\/wp-json\/wp\/v2\/product_tag?post=4145"}],"curies":[{"name":"wp","href":"https:\/\/api.w.org\/{rel}","templated":true}]}}