{"id":4101,"date":"2022-06-29T23:35:00","date_gmt":"2022-06-29T20:35:00","guid":{"rendered":"https:\/\/niyarahome.com\/?post_type=product&#038;p=4101"},"modified":"2022-06-29T23:35:00","modified_gmt":"2022-06-29T20:35:00","slug":"yaldizli-ikili-kase-tepsili-kahvaltilik-seti","status":"publish","type":"product","link":"https:\/\/niyarahome.com\/tr\/urun\/yaldizli-ikili-kase-tepsili-kahvaltilik-seti\/","title":{"rendered":"YALDIZLI \u0130K\u0130L\u0130 KASE TEPS\u0130L\u0130 KAHVALTILIK SET\u0130"},"content":{"rendered":"","protected":false},"excerpt":{"rendered":"<p>YALDIZLI CAM VE TEPS\u0130<\/p>\n<p>KAHVALTILIK, \u00c7EREZL\u0130K VE TATLI KASES\u0130 OLARAK KULLANILIR<\/p>\n<h6><em>DE 2013G<\/em><\/h6>\n","protected":false},"featured_media":4102,"template":"","meta":[],"product_cat":[16,257,252,254,487,278,259,243],"product_tag":[],"class_list":{"0":"post-4101","1":"product","2":"type-product","3":"status-publish","4":"has-post-thumbnail","6":"product_cat-diger","7":"product_cat-bolmeli-sunumluk","8":"product_cat-cerezlik","9":"product_cat-dondurmalik","10":"product_cat-ozel-koleksiyon","11":"product_cat-sekerlik","12":"product_cat-sofra-sunumluklari","13":"product_cat-sunumluklar","15":"first","16":"instock","17":"sale","18":"shipping-taxable","19":"purchasable","20":"product-type-simple"},"_links":{"self":[{"href":"https:\/\/niyarahome.com\/tr\/wp-json\/wp\/v2\/product\/4101","targetHints":{"allow":["GET"]}}],"collection":[{"href":"https:\/\/niyarahome.com\/tr\/wp-json\/wp\/v2\/product"}],"about":[{"href":"https:\/\/niyarahome.com\/tr\/wp-json\/wp\/v2\/types\/product"}],"wp:featuredmedia":[{"embeddable":true,"href":"https:\/\/niyarahome.com\/tr\/wp-json\/wp\/v2\/media\/4102"}],"wp:attachment":[{"href":"https:\/\/niyarahome.com\/tr\/wp-json\/wp\/v2\/media?parent=4101"}],"wp:term":[{"taxonomy":"product_cat","embeddable":true,"href":"https:\/\/niyarahome.com\/tr\/wp-json\/wp\/v2\/product_cat?post=4101"},{"taxonomy":"product_tag","embeddable":true,"href":"https:\/\/niyarahome.com\/tr\/wp-json\/wp\/v2\/product_tag?post=4101"}],"curies":[{"name":"wp","href":"https:\/\/api.w.org\/{rel}","templated":true}]}}