{"id":4077,"date":"2022-06-28T17:26:37","date_gmt":"2022-06-28T14:26:37","guid":{"rendered":"https:\/\/niyarahome.com\/?post_type=product&#038;p=4077"},"modified":"2022-06-28T17:26:37","modified_gmt":"2022-06-28T14:26:37","slug":"kapakli-dekorlu-yesil-cam-kase-gumus","status":"publish","type":"product","link":"https:\/\/niyarahome.com\/tr\/urun\/kapakli-dekorlu-yesil-cam-kase-gumus\/","title":{"rendered":"KAPAKLI DEKORLU YE\u015e\u0130L CAM KASE G\u00dcM\u00dc\u015e"},"content":{"rendered":"","protected":false},"excerpt":{"rendered":"<p>BOYUT SE\u00c7\u0130N<\/p>\n<p>3 EBAT 16CM-19CM-25CM<\/p>\n<p>G\u00dcM\u00dc\u015e METAL KAPAKLI \u00d6ZEL DEKORLU YE\u015e\u0130L CAM KASE<\/p>\n<p>\u015eEKERL\u0130K, MEYVEL\u0130K VE SALON DEKORU OLARAK KULLANILIR<\/p>\n<h6><em>DE1064YG-DE1065YG-DE1066YG<\/em><\/h6>\n","protected":false},"featured_media":4078,"template":"","meta":[],"product_cat":[16,262,256,487,304,278,259,243],"product_tag":[],"class_list":{"0":"post-4077","1":"product","2":"type-product","3":"status-publish","4":"has-post-thumbnail","6":"product_cat-diger","7":"product_cat-kavanoz","8":"product_cat-meyvelik-ve-gondol","9":"product_cat-ozel-koleksiyon","10":"product_cat-salon-setleri","11":"product_cat-sekerlik","12":"product_cat-sofra-sunumluklari","13":"product_cat-sunumluklar","15":"first","16":"instock","17":"shipping-taxable","18":"purchasable","19":"product-type-variable"},"_links":{"self":[{"href":"https:\/\/niyarahome.com\/tr\/wp-json\/wp\/v2\/product\/4077","targetHints":{"allow":["GET"]}}],"collection":[{"href":"https:\/\/niyarahome.com\/tr\/wp-json\/wp\/v2\/product"}],"about":[{"href":"https:\/\/niyarahome.com\/tr\/wp-json\/wp\/v2\/types\/product"}],"wp:featuredmedia":[{"embeddable":true,"href":"https:\/\/niyarahome.com\/tr\/wp-json\/wp\/v2\/media\/4078"}],"wp:attachment":[{"href":"https:\/\/niyarahome.com\/tr\/wp-json\/wp\/v2\/media?parent=4077"}],"wp:term":[{"taxonomy":"product_cat","embeddable":true,"href":"https:\/\/niyarahome.com\/tr\/wp-json\/wp\/v2\/product_cat?post=4077"},{"taxonomy":"product_tag","embeddable":true,"href":"https:\/\/niyarahome.com\/tr\/wp-json\/wp\/v2\/product_tag?post=4077"}],"curies":[{"name":"wp","href":"https:\/\/api.w.org\/{rel}","templated":true}]}}