{"id":4025,"date":"2022-06-26T23:52:44","date_gmt":"2022-06-26T20:52:44","guid":{"rendered":"https:\/\/niyarahome.com\/?post_type=product&#038;p=4025"},"modified":"2022-06-26T23:52:44","modified_gmt":"2022-06-26T20:52:44","slug":"dekorlu-ayakli-buyuk-cam-altin-rengi-kapak","status":"publish","type":"product","link":"https:\/\/niyarahome.com\/tr\/urun\/dekorlu-ayakli-buyuk-cam-altin-rengi-kapak\/","title":{"rendered":"DEKORLU AYAKLI B\u00dcY\u00dcK CAM ALTIN RENG\u0130 KAPAK"},"content":{"rendered":"","protected":false},"excerpt":{"rendered":"<p>RENK SE\u00c7\u0130N<\/p>\n<p>4 FARKLI RENK<\/p>\n<p>ALTIN RENK KAPAK, G\u00dcM\u00dc\u015e RENG\u0130 KELEBEK<\/p>\n<p>DEKORLU B\u00dcY\u00dcK BOY AYAKLI CAM, \u015eEKERL\u0130K \u00c7EREZL\u0130K DONRUMALIK VE TATLI KASES\u0130 OLARAK KULLANILIR<\/p>\n<h6><em>DE 1084AG-DE 1084BG-DE 1084MG-DE 1084YG<\/em><\/h6>\n","protected":false},"featured_media":4026,"template":"","meta":[],"product_cat":[16,252,254,262,487,278,259],"product_tag":[],"class_list":{"0":"post-4025","1":"product","2":"type-product","3":"status-publish","4":"has-post-thumbnail","6":"product_cat-diger","7":"product_cat-cerezlik","8":"product_cat-dondurmalik","9":"product_cat-kavanoz","10":"product_cat-ozel-koleksiyon","11":"product_cat-sekerlik","12":"product_cat-sofra-sunumluklari","14":"first","15":"instock","16":"sale","17":"shipping-taxable","18":"purchasable","19":"product-type-variable"},"_links":{"self":[{"href":"https:\/\/niyarahome.com\/tr\/wp-json\/wp\/v2\/product\/4025","targetHints":{"allow":["GET"]}}],"collection":[{"href":"https:\/\/niyarahome.com\/tr\/wp-json\/wp\/v2\/product"}],"about":[{"href":"https:\/\/niyarahome.com\/tr\/wp-json\/wp\/v2\/types\/product"}],"wp:featuredmedia":[{"embeddable":true,"href":"https:\/\/niyarahome.com\/tr\/wp-json\/wp\/v2\/media\/4026"}],"wp:attachment":[{"href":"https:\/\/niyarahome.com\/tr\/wp-json\/wp\/v2\/media?parent=4025"}],"wp:term":[{"taxonomy":"product_cat","embeddable":true,"href":"https:\/\/niyarahome.com\/tr\/wp-json\/wp\/v2\/product_cat?post=4025"},{"taxonomy":"product_tag","embeddable":true,"href":"https:\/\/niyarahome.com\/tr\/wp-json\/wp\/v2\/product_tag?post=4025"}],"curies":[{"name":"wp","href":"https:\/\/api.w.org\/{rel}","templated":true}]}}