{"id":3948,"date":"2022-06-24T20:35:29","date_gmt":"2022-06-24T17:35:29","guid":{"rendered":"https:\/\/niyarahome.com\/?post_type=product&#038;p=3948"},"modified":"2022-06-24T20:35:29","modified_gmt":"2022-06-24T17:35:29","slug":"dokum-ayakli-yaldizli-sunum-tabagi","status":"publish","type":"product","link":"https:\/\/niyarahome.com\/tr\/urun\/dokum-ayakli-yaldizli-sunum-tabagi\/","title":{"rendered":"D\u00d6K\u00dcM AYAKLI YALDIZLI SUNUM TABA\u011eI"},"content":{"rendered":"","protected":false},"excerpt":{"rendered":"<p>SOFRALARINZA \u015eIKLIK KATACAK SUNUM TABA\u011eI<\/p>\n<h6><em>DE1075Y<\/em><\/h6>\n","protected":false},"featured_media":3949,"template":"","meta":[],"product_cat":[16,487,259,243],"product_tag":[],"class_list":{"0":"post-3948","1":"product","2":"type-product","3":"status-publish","4":"has-post-thumbnail","6":"product_cat-diger","7":"product_cat-ozel-koleksiyon","8":"product_cat-sofra-sunumluklari","9":"product_cat-sunumluklar","11":"first","12":"instock","13":"shipping-taxable","14":"purchasable","15":"product-type-simple"},"_links":{"self":[{"href":"https:\/\/niyarahome.com\/tr\/wp-json\/wp\/v2\/product\/3948","targetHints":{"allow":["GET"]}}],"collection":[{"href":"https:\/\/niyarahome.com\/tr\/wp-json\/wp\/v2\/product"}],"about":[{"href":"https:\/\/niyarahome.com\/tr\/wp-json\/wp\/v2\/types\/product"}],"wp:featuredmedia":[{"embeddable":true,"href":"https:\/\/niyarahome.com\/tr\/wp-json\/wp\/v2\/media\/3949"}],"wp:attachment":[{"href":"https:\/\/niyarahome.com\/tr\/wp-json\/wp\/v2\/media?parent=3948"}],"wp:term":[{"taxonomy":"product_cat","embeddable":true,"href":"https:\/\/niyarahome.com\/tr\/wp-json\/wp\/v2\/product_cat?post=3948"},{"taxonomy":"product_tag","embeddable":true,"href":"https:\/\/niyarahome.com\/tr\/wp-json\/wp\/v2\/product_tag?post=3948"}],"curies":[{"name":"wp","href":"https:\/\/api.w.org\/{rel}","templated":true}]}}