{"id":3928,"date":"2022-06-23T23:54:04","date_gmt":"2022-06-23T20:54:04","guid":{"rendered":"https:\/\/niyarahome.com\/?post_type=product&#038;p=3928"},"modified":"2022-06-28T17:38:36","modified_gmt":"2022-06-28T14:38:36","slug":"cam-tereyaglik-metal-cicekli","status":"publish","type":"product","link":"https:\/\/niyarahome.com\/tr\/urun\/cam-tereyaglik-metal-cicekli\/","title":{"rendered":"CAM TEREYA\u011eLIK METAL \u00c7\u0130\u00c7EKL\u0130"},"content":{"rendered":"","protected":false},"excerpt":{"rendered":"<p>RENK SE\u00c7\u0130N<\/p>\n<p>\u00d6ZEL DEKORLU YALDIZLI CAM<\/p>\n<h6><em>DE1127A-DE1127Y-DE1127M<\/em><\/h6>\n","protected":false},"featured_media":3929,"template":"","meta":[],"product_cat":[16,487,259,243],"product_tag":[],"class_list":{"0":"post-3928","1":"product","2":"type-product","3":"status-publish","4":"has-post-thumbnail","6":"product_cat-diger","7":"product_cat-ozel-koleksiyon","8":"product_cat-sofra-sunumluklari","9":"product_cat-sunumluklar","11":"first","12":"instock","13":"featured","14":"shipping-taxable","15":"purchasable","16":"product-type-variable"},"_links":{"self":[{"href":"https:\/\/niyarahome.com\/tr\/wp-json\/wp\/v2\/product\/3928","targetHints":{"allow":["GET"]}}],"collection":[{"href":"https:\/\/niyarahome.com\/tr\/wp-json\/wp\/v2\/product"}],"about":[{"href":"https:\/\/niyarahome.com\/tr\/wp-json\/wp\/v2\/types\/product"}],"wp:featuredmedia":[{"embeddable":true,"href":"https:\/\/niyarahome.com\/tr\/wp-json\/wp\/v2\/media\/3929"}],"wp:attachment":[{"href":"https:\/\/niyarahome.com\/tr\/wp-json\/wp\/v2\/media?parent=3928"}],"wp:term":[{"taxonomy":"product_cat","embeddable":true,"href":"https:\/\/niyarahome.com\/tr\/wp-json\/wp\/v2\/product_cat?post=3928"},{"taxonomy":"product_tag","embeddable":true,"href":"https:\/\/niyarahome.com\/tr\/wp-json\/wp\/v2\/product_tag?post=3928"}],"curies":[{"name":"wp","href":"https:\/\/api.w.org\/{rel}","templated":true}]}}