{"id":3738,"date":"2022-06-20T21:43:30","date_gmt":"2022-06-20T18:43:30","guid":{"rendered":"https:\/\/niyarahome.com\/?post_type=product&#038;p=3738"},"modified":"2022-06-20T21:45:13","modified_gmt":"2022-06-20T18:45:13","slug":"kare-dekorlu-cam-dondurmalikli-set","status":"publish","type":"product","link":"https:\/\/niyarahome.com\/tr\/urun\/kare-dekorlu-cam-dondurmalikli-set\/","title":{"rendered":"KARE DEKORLU CAM DONDURMALIK&#8217;LI SET"},"content":{"rendered":"","protected":false},"excerpt":{"rendered":"<p>RENK SE\u00c7\u0130N<\/p>\n<p>\u00d6ZEL DEKORLU CAM METAL AYAK<\/p>\n<p>6\u2019LI DONDURMALIK SET<\/p>\n<p>TATLI KASES\u0130, DONDURMALIK VE \u00c7EREZL\u0130K OLARAK KULLANILIR<\/p>\n<p>ZENG\u0130N VE \u015eIK G\u00d6R\u00dcN\u00dcR, M\u0130SAF\u0130RLER\u0130N\u0130Z\u0130 \u015eA\u015eIRTIN<\/p>\n<h6><em>DE 1069A-DE 1069B-DE 1069Y-DE 1069M<\/em><\/h6>\n","protected":false},"featured_media":3747,"template":"","meta":[],"product_cat":[16,254,487,278,259,243],"product_tag":[],"class_list":{"0":"post-3738","1":"product","2":"type-product","3":"status-publish","4":"has-post-thumbnail","6":"product_cat-diger","7":"product_cat-dondurmalik","8":"product_cat-ozel-koleksiyon","9":"product_cat-sekerlik","10":"product_cat-sofra-sunumluklari","11":"product_cat-sunumluklar","13":"first","14":"instock","15":"shipping-taxable","16":"purchasable","17":"product-type-variable"},"_links":{"self":[{"href":"https:\/\/niyarahome.com\/tr\/wp-json\/wp\/v2\/product\/3738","targetHints":{"allow":["GET"]}}],"collection":[{"href":"https:\/\/niyarahome.com\/tr\/wp-json\/wp\/v2\/product"}],"about":[{"href":"https:\/\/niyarahome.com\/tr\/wp-json\/wp\/v2\/types\/product"}],"wp:featuredmedia":[{"embeddable":true,"href":"https:\/\/niyarahome.com\/tr\/wp-json\/wp\/v2\/media\/3747"}],"wp:attachment":[{"href":"https:\/\/niyarahome.com\/tr\/wp-json\/wp\/v2\/media?parent=3738"}],"wp:term":[{"taxonomy":"product_cat","embeddable":true,"href":"https:\/\/niyarahome.com\/tr\/wp-json\/wp\/v2\/product_cat?post=3738"},{"taxonomy":"product_tag","embeddable":true,"href":"https:\/\/niyarahome.com\/tr\/wp-json\/wp\/v2\/product_tag?post=3738"}],"curies":[{"name":"wp","href":"https:\/\/api.w.org\/{rel}","templated":true}]}}