{"id":3469,"date":"2022-06-19T17:01:33","date_gmt":"2022-06-19T14:01:33","guid":{"rendered":"https:\/\/niyarahome.com\/?post_type=product&#038;p=3469"},"modified":"2022-06-19T18:55:55","modified_gmt":"2022-06-19T15:55:55","slug":"porselen-servis-tepsi-altin-renk-2","status":"publish","type":"product","link":"https:\/\/niyarahome.com\/tr\/urun\/porselen-servis-tepsi-altin-renk-2\/","title":{"rendered":"PORSELEN SERV\u0130S TEPS\u0130 ALTIN RENK"},"content":{"rendered":"","protected":false},"excerpt":{"rendered":"<h6>BOYUT SE\u00c7\u0130N<\/h6>\n<p>3 BOY PORSELEN SUNUMLUK TEPS\u0130<\/p>\n<p>METAL VE PORSELEN<\/p>\n<p>G\u00dcM\u00dc\u015e RENG\u0130 METAL \u00c7\u0130\u00c7EK<\/p>\n<p><strong>\u00dcCRETS\u0130Z KARGO<\/strong><\/p>\n<h6><em>DDE1108G-DDE1109G-DDE1110G<\/em><\/h6>\n","protected":false},"featured_media":3470,"template":"","meta":[],"product_cat":[16,487,259,243,250],"product_tag":[],"class_list":{"0":"post-3469","1":"product","2":"type-product","3":"status-publish","4":"has-post-thumbnail","6":"product_cat-diger","7":"product_cat-ozel-koleksiyon","8":"product_cat-sofra-sunumluklari","9":"product_cat-sunumluklar","10":"product_cat-tepsi","12":"first","13":"instock","14":"featured","15":"shipping-taxable","16":"purchasable","17":"product-type-variable"},"_links":{"self":[{"href":"https:\/\/niyarahome.com\/tr\/wp-json\/wp\/v2\/product\/3469","targetHints":{"allow":["GET"]}}],"collection":[{"href":"https:\/\/niyarahome.com\/tr\/wp-json\/wp\/v2\/product"}],"about":[{"href":"https:\/\/niyarahome.com\/tr\/wp-json\/wp\/v2\/types\/product"}],"wp:featuredmedia":[{"embeddable":true,"href":"https:\/\/niyarahome.com\/tr\/wp-json\/wp\/v2\/media\/3470"}],"wp:attachment":[{"href":"https:\/\/niyarahome.com\/tr\/wp-json\/wp\/v2\/media?parent=3469"}],"wp:term":[{"taxonomy":"product_cat","embeddable":true,"href":"https:\/\/niyarahome.com\/tr\/wp-json\/wp\/v2\/product_cat?post=3469"},{"taxonomy":"product_tag","embeddable":true,"href":"https:\/\/niyarahome.com\/tr\/wp-json\/wp\/v2\/product_tag?post=3469"}],"curies":[{"name":"wp","href":"https:\/\/api.w.org\/{rel}","templated":true}]}}