{"id":3440,"date":"2022-06-19T15:34:02","date_gmt":"2022-06-19T12:34:02","guid":{"rendered":"https:\/\/niyarahome.com\/?post_type=product&#038;p=3440"},"modified":"2022-06-19T15:36:30","modified_gmt":"2022-06-19T12:36:30","slug":"kulplu-porselen-servis-altin-renk","status":"publish","type":"product","link":"https:\/\/niyarahome.com\/tr\/urun\/kulplu-porselen-servis-altin-renk\/","title":{"rendered":"KULPLU PORSELEN SERV\u0130S ALTIN RENK"},"content":{"rendered":"","protected":false},"excerpt":{"rendered":"<h6>BOYUT SE\u00c7\u0130N<\/h6>\n<p>3 BOY PORSELEN SUNUMLUK TEPS\u0130<\/p>\n<p>ZAMAK METAL AYAK, ZAMAK METAL KULPLU<\/p>\n<p><strong>\u00dcCRETS\u0130Z KARGO<\/strong><\/p>\n<h6><em>DDE 1105A-DDE 1106A-DDE 1107A<\/em><\/h6>\n","protected":false},"featured_media":3448,"template":"","meta":[],"product_cat":[16,487,259,243,250],"product_tag":[],"class_list":{"0":"post-3440","1":"product","2":"type-product","3":"status-publish","4":"has-post-thumbnail","6":"product_cat-diger","7":"product_cat-ozel-koleksiyon","8":"product_cat-sofra-sunumluklari","9":"product_cat-sunumluklar","10":"product_cat-tepsi","12":"first","13":"instock","14":"shipping-taxable","15":"purchasable","16":"product-type-variable"},"_links":{"self":[{"href":"https:\/\/niyarahome.com\/tr\/wp-json\/wp\/v2\/product\/3440","targetHints":{"allow":["GET"]}}],"collection":[{"href":"https:\/\/niyarahome.com\/tr\/wp-json\/wp\/v2\/product"}],"about":[{"href":"https:\/\/niyarahome.com\/tr\/wp-json\/wp\/v2\/types\/product"}],"wp:featuredmedia":[{"embeddable":true,"href":"https:\/\/niyarahome.com\/tr\/wp-json\/wp\/v2\/media\/3448"}],"wp:attachment":[{"href":"https:\/\/niyarahome.com\/tr\/wp-json\/wp\/v2\/media?parent=3440"}],"wp:term":[{"taxonomy":"product_cat","embeddable":true,"href":"https:\/\/niyarahome.com\/tr\/wp-json\/wp\/v2\/product_cat?post=3440"},{"taxonomy":"product_tag","embeddable":true,"href":"https:\/\/niyarahome.com\/tr\/wp-json\/wp\/v2\/product_tag?post=3440"}],"curies":[{"name":"wp","href":"https:\/\/api.w.org\/{rel}","templated":true}]}}