{"id":3427,"date":"2022-06-09T14:51:40","date_gmt":"2022-06-09T11:51:40","guid":{"rendered":"https:\/\/niyarahome.com\/?post_type=product&#038;p=3427"},"modified":"2022-06-19T18:56:05","modified_gmt":"2022-06-19T15:56:05","slug":"kulplu-porselen-servis-tabak-sunumluk-altin-rengi","status":"publish","type":"product","link":"https:\/\/niyarahome.com\/tr\/urun\/kulplu-porselen-servis-tabak-sunumluk-altin-rengi\/","title":{"rendered":"KULPLU PORSELEN SERV\u0130S TABAK SUNUMLUK ALTIN RENG\u0130"},"content":{"rendered":"","protected":false},"excerpt":{"rendered":"<h6>BOYUT SE\u00c7\u0130N<\/h6>\n<p>2 BOY PORSELEN SUNUMLUK<\/p>\n<p>ZAMAK METAL AYAK, ZAMAK METAL KULPLU<\/p>\n<p><strong>\u00dcCRETS\u0130Z KARGO&#8230;<\/strong><\/p>\n<pre><em>DDE 1103A-DDE 1104A<\/em><\/pre>\n","protected":false},"featured_media":3413,"template":"","meta":[],"product_cat":[16,487,243],"product_tag":[],"class_list":{"0":"post-3427","1":"product","2":"type-product","3":"status-publish","4":"has-post-thumbnail","6":"product_cat-diger","7":"product_cat-ozel-koleksiyon","8":"product_cat-sunumluklar","10":"first","11":"instock","12":"featured","13":"shipping-taxable","14":"purchasable","15":"product-type-variable"},"_links":{"self":[{"href":"https:\/\/niyarahome.com\/tr\/wp-json\/wp\/v2\/product\/3427","targetHints":{"allow":["GET"]}}],"collection":[{"href":"https:\/\/niyarahome.com\/tr\/wp-json\/wp\/v2\/product"}],"about":[{"href":"https:\/\/niyarahome.com\/tr\/wp-json\/wp\/v2\/types\/product"}],"wp:featuredmedia":[{"embeddable":true,"href":"https:\/\/niyarahome.com\/tr\/wp-json\/wp\/v2\/media\/3413"}],"wp:attachment":[{"href":"https:\/\/niyarahome.com\/tr\/wp-json\/wp\/v2\/media?parent=3427"}],"wp:term":[{"taxonomy":"product_cat","embeddable":true,"href":"https:\/\/niyarahome.com\/tr\/wp-json\/wp\/v2\/product_cat?post=3427"},{"taxonomy":"product_tag","embeddable":true,"href":"https:\/\/niyarahome.com\/tr\/wp-json\/wp\/v2\/product_tag?post=3427"}],"curies":[{"name":"wp","href":"https:\/\/api.w.org\/{rel}","templated":true}]}}