{"id":3420,"date":"2022-06-09T14:27:16","date_gmt":"2022-06-09T11:27:16","guid":{"rendered":"https:\/\/niyarahome.com\/?post_type=product&#038;p=3420"},"modified":"2022-06-19T14:49:14","modified_gmt":"2022-06-19T11:49:14","slug":"kulplu-porselen-servis-tabak-sunumluk-gumus-rengi","status":"publish","type":"product","link":"https:\/\/niyarahome.com\/tr\/urun\/kulplu-porselen-servis-tabak-sunumluk-gumus-rengi\/","title":{"rendered":"KULPLU PORSELEN SERV\u0130S TABAK SUNUMLUK G\u00dcM\u00dc\u015e RENG\u0130"},"content":{"rendered":"","protected":false},"excerpt":{"rendered":"<h6>BOYUT SE\u00c7\u0130N<\/h6>\n<p>2 BOY PORSELEN SUNUMLUK<\/p>\n<p>ZAMAK METAL AYAK, ZAMAK METAL KULPLU<\/p>\n<p><strong>\u00dcCRETS\u0130Z KARGO<\/strong><\/p>\n<pre><em>DDE 1103G-DDE 1104G<\/em><\/pre>\n","protected":false},"featured_media":3421,"template":"","meta":[],"product_cat":[16,487,243],"product_tag":[],"class_list":{"0":"post-3420","1":"product","2":"type-product","3":"status-publish","4":"has-post-thumbnail","6":"product_cat-diger","7":"product_cat-ozel-koleksiyon","8":"product_cat-sunumluklar","10":"first","11":"instock","12":"shipping-taxable","13":"purchasable","14":"product-type-variable"},"_links":{"self":[{"href":"https:\/\/niyarahome.com\/tr\/wp-json\/wp\/v2\/product\/3420","targetHints":{"allow":["GET"]}}],"collection":[{"href":"https:\/\/niyarahome.com\/tr\/wp-json\/wp\/v2\/product"}],"about":[{"href":"https:\/\/niyarahome.com\/tr\/wp-json\/wp\/v2\/types\/product"}],"wp:featuredmedia":[{"embeddable":true,"href":"https:\/\/niyarahome.com\/tr\/wp-json\/wp\/v2\/media\/3421"}],"wp:attachment":[{"href":"https:\/\/niyarahome.com\/tr\/wp-json\/wp\/v2\/media?parent=3420"}],"wp:term":[{"taxonomy":"product_cat","embeddable":true,"href":"https:\/\/niyarahome.com\/tr\/wp-json\/wp\/v2\/product_cat?post=3420"},{"taxonomy":"product_tag","embeddable":true,"href":"https:\/\/niyarahome.com\/tr\/wp-json\/wp\/v2\/product_tag?post=3420"}],"curies":[{"name":"wp","href":"https:\/\/api.w.org\/{rel}","templated":true}]}}